{"id":80,"date":"2025-12-16T15:45:07","date_gmt":"2025-12-16T15:45:07","guid":{"rendered":"https:\/\/atlastri.fr\/?page_id=80"},"modified":"2026-03-13T09:39:33","modified_gmt":"2026-03-13T09:39:33","slug":"qui-sommes-nous-centre-tri-lyon","status":"publish","type":"page","link":"https:\/\/atlastri.fr\/?page_id=80","title":{"rendered":"Qui somme nous"},"content":{"rendered":"\t\t<div data-elementor-type=\"wp-page\" data-elementor-id=\"80\" class=\"elementor elementor-80\" data-elementor-post-type=\"page\">\n\t\t\t\t<div class=\"elementor-element elementor-element-bb86a96 e-flex e-con-boxed e-con e-parent\" data-id=\"bb86a96\" data-element_type=\"container\" data-e-type=\"container\" data-settings=\"{&quot;background_background&quot;:&quot;classic&quot;}\">\n\t\t\t\t\t<div class=\"e-con-inner\">\n\t\t\t\t<div class=\"elementor-element elementor-element-7dc5ebe elementor-widget__width-initial elementor-widget elementor-widget-heading\" data-id=\"7dc5ebe\" data-element_type=\"widget\" data-e-type=\"widget\" data-widget_type=\"heading.default\">\n\t\t\t\t\t<h2 class=\"elementor-heading-title elementor-size-default\">Qui sommes nous<\/h2>\t\t\t\t<\/div>\n\t\t\t\t<div class=\"elementor-element elementor-element-6c2fddb elementor-widget__width-initial elementor-widget elementor-widget-text-editor\" data-id=\"6c2fddb\" data-element_type=\"widget\" data-e-type=\"widget\" data-widget_type=\"text-editor.default\">\n\t\t\t\t\t\t\t\t\t<p>Atlas.tri, l\u2019entreprise familiale au service de vos d\u00e9chets et de notre environnement<span style=\"color: #7cda24;\">.<\/span><\/p>\t\t\t\t\t\t\t\t<\/div>\n\t\t\t\t\t<\/div>\n\t\t\t\t<\/div>\n\t\t<div class=\"elementor-element elementor-element-d4da6ba e-flex e-con-boxed e-con e-parent\" data-id=\"d4da6ba\" data-element_type=\"container\" data-e-type=\"container\">\n\t\t\t\t\t<div class=\"e-con-inner\">\n\t\t\t\t<div class=\"elementor-element elementor-element-3d2505d elementor-widget elementor-widget-text-editor\" data-id=\"3d2505d\" data-element_type=\"widget\" data-e-type=\"widget\" data-widget_type=\"text-editor.default\">\n\t\t\t\t\t\t\t\t\t<p>Une Histoire de famille<span style=\"color: #7cda24;\">.<\/span><\/p>\t\t\t\t\t\t\t\t<\/div>\n\t\t\t\t<div class=\"elementor-element elementor-element-0c389ed elementor-widget elementor-widget-image\" data-id=\"0c389ed\" data-element_type=\"widget\" data-e-type=\"widget\" data-widget_type=\"image.default\">\n\t\t\t\t\t\t\t\t\t\t\t\t\t\t\t<img fetchpriority=\"high\" decoding=\"async\" width=\"800\" height=\"361\" src=\"https:\/\/atlastri.fr\/wp-content\/uploads\/2025\/12\/AtlasTri-Equipe-1024x462.jpg\" class=\"attachment-large size-large wp-image-89\" alt=\"\" srcset=\"https:\/\/atlastri.fr\/wp-content\/uploads\/2025\/12\/AtlasTri-Equipe-1024x462.jpg 1024w, https:\/\/atlastri.fr\/wp-content\/uploads\/2025\/12\/AtlasTri-Equipe-300x135.jpg 300w, https:\/\/atlastri.fr\/wp-content\/uploads\/2025\/12\/AtlasTri-Equipe-768x347.jpg 768w, https:\/\/atlastri.fr\/wp-content\/uploads\/2025\/12\/AtlasTri-Equipe.jpg 1500w\" sizes=\"(max-width: 800px) 100vw, 800px\" \/>\t\t\t\t\t\t\t\t\t\t\t\t\t\t\t<\/div>\n\t\t\t\t<div class=\"elementor-element elementor-element-736e373 elementor-widget elementor-widget-text-editor\" data-id=\"736e373\" data-element_type=\"widget\" data-e-type=\"widget\" data-widget_type=\"text-editor.default\">\n\t\t\t\t\t\t\t\t\t<p><b>Une entreprise familiale, proche de vous<\/b><\/p><p><b>Atlas.tri est une entreprise de recyclage de d\u00e9chets<\/b> cr\u00e9\u00e9e par Jean-Michel Barbet, port\u00e9e par des valeurs familiales fortes : proximit\u00e9, respect et engagement.<\/p><p>Ici, chaque client compte. Nous prenons <b>le temps d\u2019\u00e9couter, de conseiller et d\u2019accompagner<\/b>, car nous savons que le recyclage est un enjeu collectif. Notre \u00e9quipe agit au quotidien avec s\u00e9rieux et simplicit\u00e9, dans un esprit de confiance et de collaboration.<\/p><p>Recycler, pour nous, ce n\u2019est pas seulement un m\u00e9tier, c\u2019est une responsabilit\u00e9 partag\u00e9e.<\/p>\t\t\t\t\t\t\t\t<\/div>\n\t\t\t\t\t<\/div>\n\t\t\t\t<\/div>\n\t\t<div class=\"elementor-element elementor-element-6a3fab7 e-flex e-con-boxed e-con e-parent\" data-id=\"6a3fab7\" data-element_type=\"container\" data-e-type=\"container\">\n\t\t\t\t\t<div class=\"e-con-inner\">\n\t\t<div class=\"elementor-element elementor-element-d45eb17 e-con-full e-flex e-con e-child\" data-id=\"d45eb17\" data-element_type=\"container\" data-e-type=\"container\">\n\t\t\t\t<div class=\"elementor-element elementor-element-4e35447 elementor-widget elementor-widget-text-editor\" data-id=\"4e35447\" data-element_type=\"widget\" data-e-type=\"widget\" data-widget_type=\"text-editor.default\">\n\t\t\t\t\t\t\t\t\t<p>Notre engagement environnemental par la valorisation de nos d\u00e9chets<span style=\"color: #7cda24;\">.<\/span><\/p>\t\t\t\t\t\t\t\t<\/div>\n\t\t\t\t<div class=\"elementor-element elementor-element-146b25c elementor-widget elementor-widget-text-editor\" data-id=\"146b25c\" data-element_type=\"widget\" data-e-type=\"widget\" data-widget_type=\"text-editor.default\">\n\t\t\t\t\t\t\t\t\t<p>Nous pla\u00e7ons la valorisation des d\u00e9chets au c\u0153ur de notre d\u00e9marche pour r\u00e9duire l\u2019impact \u00e9cologique et favoriser une \u00e9conomie circulaire. Chaque action vise \u00e0 transformer les d\u00e9chets en ressources utiles, contribuant ainsi \u00e0 un avenir durable.<\/p>\t\t\t\t\t\t\t\t<\/div>\n\t\t\t\t<div class=\"elementor-element elementor-element-89da82a elementor-widget elementor-widget-html\" data-id=\"89da82a\" data-element_type=\"widget\" data-e-type=\"widget\" data-widget_type=\"html.default\">\n\t\t\t\t\t<div class=\"seo-hidden\">\n  entreprise de collecte et tri des d\u00e9chets \u00e0 Lyon, centre de tri Saint-Priest, recyclage local entreprises, valorisation d\u00e9chets professionnels, prestataire gestion d\u00e9chets Rh\u00f4ne-Alpes\n<\/div>\t\t\t\t<\/div>\n\t\t\t\t<\/div>\n\t\t<div class=\"elementor-element elementor-element-0105537 e-con-full e-flex e-con e-child\" data-id=\"0105537\" data-element_type=\"container\" data-e-type=\"container\">\n\t\t\t\t<div class=\"elementor-element elementor-element-bcfdcff elementor-widget elementor-widget-image\" data-id=\"bcfdcff\" data-element_type=\"widget\" data-e-type=\"widget\" data-widget_type=\"image.default\">\n\t\t\t\t\t\t\t\t\t\t\t\t\t\t\t<img decoding=\"async\" width=\"600\" height=\"600\" src=\"https:\/\/atlastri.fr\/wp-content\/uploads\/2025\/12\/engagement-environnnement-600x600-1.jpg\" class=\"attachment-large size-large wp-image-93\" alt=\"\" srcset=\"https:\/\/atlastri.fr\/wp-content\/uploads\/2025\/12\/engagement-environnnement-600x600-1.jpg 600w, https:\/\/atlastri.fr\/wp-content\/uploads\/2025\/12\/engagement-environnnement-600x600-1-300x300.jpg 300w, https:\/\/atlastri.fr\/wp-content\/uploads\/2025\/12\/engagement-environnnement-600x600-1-150x150.jpg 150w\" sizes=\"(max-width: 600px) 100vw, 600px\" \/>\t\t\t\t\t\t\t\t\t\t\t\t\t\t\t<\/div>\n\t\t\t\t<\/div>\n\t\t\t\t\t<\/div>\n\t\t\t\t<\/div>\n\t\t<div class=\"elementor-element elementor-element-40f3703 e-flex e-con-boxed e-con e-parent\" data-id=\"40f3703\" data-element_type=\"container\" data-e-type=\"container\">\n\t\t\t\t\t<div class=\"e-con-inner\">\n\t\t\t\t<div class=\"elementor-element elementor-element-60ae422 elementor-widget elementor-widget-image\" data-id=\"60ae422\" data-element_type=\"widget\" data-e-type=\"widget\" data-widget_type=\"image.default\">\n\t\t\t\t\t\t\t\t\t\t\t\t\t\t\t\t<a href=\"https:\/\/atlastri.fr\/\">\n\t\t\t\t\t\t\t<img decoding=\"async\" width=\"182\" height=\"165\" src=\"https:\/\/atlastri.fr\/wp-content\/uploads\/2025\/12\/image_2025-12-16_170546507-removebg-preview.png\" class=\"attachment-large size-large wp-image-97\" alt=\"\" \/>\t\t\t\t\t\t\t\t<\/a>\n\t\t\t\t\t\t\t\t\t\t\t\t\t\t\t<\/div>\n\t\t\t\t\t<\/div>\n\t\t\t\t<\/div>\n\t\t\t\t<\/div>\n\t\t","protected":false},"excerpt":{"rendered":"<p>Qui sommes nous Atlas.tri, l\u2019entreprise familiale au service de vos d\u00e9chets et de notre environnement. Une Histoire de famille. Une entreprise familiale, proche de vous Atlas.tri est une entreprise de recyclage de d\u00e9chets cr\u00e9\u00e9e par Jean-Michel Barbet, port\u00e9e par des valeurs familiales fortes : proximit\u00e9, respect et engagement. Ici, chaque client compte. Nous prenons le [&hellip;]<\/p>\n","protected":false},"author":1,"featured_media":0,"parent":0,"menu_order":0,"comment_status":"closed","ping_status":"closed","template":"","meta":{"footnotes":""},"class_list":["post-80","page","type-page","status-publish","hentry"],"yoast_head":"<!-- This site is optimized with the Yoast SEO plugin v27.1.1 - https:\/\/yoast.com\/product\/yoast-seo-wordpress\/ -->\n<title>Qui sommes\u2011nous \u2013 Centre de tri et gestion des d\u00e9chets \u00e0 Lyon<\/title>\n<meta name=\"description\" content=\"Atlas.tri est un centre de tri ICPE \u00e0 Saint\u2011Priest, sp\u00e9cialis\u00e9 dans la collecte, le tri et la valorisation des d\u00e9chets professionnels \u00e0 Lyon.\" \/>\n<meta name=\"robots\" content=\"index, follow, max-snippet:-1, max-image-preview:large, max-video-preview:-1\" \/>\n<link rel=\"canonical\" href=\"https:\/\/atlastri.fr\/?page_id=80\" \/>\n<meta property=\"og:locale\" content=\"fr_FR\" \/>\n<meta property=\"og:type\" content=\"article\" \/>\n<meta property=\"og:title\" content=\"Qui sommes\u2011nous \u2013 Centre de tri et gestion des d\u00e9chets \u00e0 Lyon\" \/>\n<meta property=\"og:description\" content=\"Atlas.tri est un centre de tri ICPE \u00e0 Saint\u2011Priest, sp\u00e9cialis\u00e9 dans la collecte, le tri et la valorisation des d\u00e9chets professionnels \u00e0 Lyon.\" \/>\n<meta property=\"og:url\" content=\"https:\/\/atlastri.fr\/?page_id=80\" \/>\n<meta property=\"og:site_name\" content=\"Atlas.tri\" \/>\n<meta property=\"article:modified_time\" content=\"2026-03-13T09:39:33+00:00\" \/>\n<meta property=\"og:image\" content=\"https:\/\/atlastri.fr\/wp-content\/uploads\/2025\/12\/AtlasTri-Equipe-1024x462.jpg\" \/>\n<meta name=\"twitter:card\" content=\"summary_large_image\" \/>\n<meta name=\"twitter:label1\" content=\"Dur\u00e9e de lecture estim\u00e9e\" \/>\n\t<meta name=\"twitter:data1\" content=\"2 minutes\" \/>\n<script type=\"application\/ld+json\" class=\"yoast-schema-graph\">{\"@context\":\"https:\/\/schema.org\",\"@graph\":[{\"@type\":\"WebPage\",\"@id\":\"https:\/\/atlastri.fr\/?page_id=80\",\"url\":\"https:\/\/atlastri.fr\/?page_id=80\",\"name\":\"Qui sommes\u2011nous \u2013 Centre de tri et gestion des d\u00e9chets \u00e0 Lyon\",\"isPartOf\":{\"@id\":\"https:\/\/atlastri.fr\/#website\"},\"primaryImageOfPage\":{\"@id\":\"https:\/\/atlastri.fr\/?page_id=80#primaryimage\"},\"image\":{\"@id\":\"https:\/\/atlastri.fr\/?page_id=80#primaryimage\"},\"thumbnailUrl\":\"https:\/\/atlastri.fr\/wp-content\/uploads\/2025\/12\/AtlasTri-Equipe-1024x462.jpg\",\"datePublished\":\"2025-12-16T15:45:07+00:00\",\"dateModified\":\"2026-03-13T09:39:33+00:00\",\"description\":\"Atlas.tri est un centre de tri ICPE \u00e0 Saint\u2011Priest, sp\u00e9cialis\u00e9 dans la collecte, le tri et la valorisation des d\u00e9chets professionnels \u00e0 Lyon.\",\"breadcrumb\":{\"@id\":\"https:\/\/atlastri.fr\/?page_id=80#breadcrumb\"},\"inLanguage\":\"fr-FR\",\"potentialAction\":[{\"@type\":\"ReadAction\",\"target\":[\"https:\/\/atlastri.fr\/?page_id=80\"]}]},{\"@type\":\"ImageObject\",\"inLanguage\":\"fr-FR\",\"@id\":\"https:\/\/atlastri.fr\/?page_id=80#primaryimage\",\"url\":\"https:\/\/atlastri.fr\/wp-content\/uploads\/2025\/12\/AtlasTri-Equipe.jpg\",\"contentUrl\":\"https:\/\/atlastri.fr\/wp-content\/uploads\/2025\/12\/AtlasTri-Equipe.jpg\",\"width\":1500,\"height\":677},{\"@type\":\"BreadcrumbList\",\"@id\":\"https:\/\/atlastri.fr\/?page_id=80#breadcrumb\",\"itemListElement\":[{\"@type\":\"ListItem\",\"position\":1,\"name\":\"Accueil\",\"item\":\"https:\/\/atlastri.fr\/\"},{\"@type\":\"ListItem\",\"position\":2,\"name\":\"Qui somme nous\"}]},{\"@type\":\"WebSite\",\"@id\":\"https:\/\/atlastri.fr\/#website\",\"url\":\"https:\/\/atlastri.fr\/\",\"name\":\"Atlas.tri\",\"description\":\"\",\"publisher\":{\"@id\":\"https:\/\/atlastri.fr\/#organization\"},\"potentialAction\":[{\"@type\":\"SearchAction\",\"target\":{\"@type\":\"EntryPoint\",\"urlTemplate\":\"https:\/\/atlastri.fr\/?s={search_term_string}\"},\"query-input\":{\"@type\":\"PropertyValueSpecification\",\"valueRequired\":true,\"valueName\":\"search_term_string\"}}],\"inLanguage\":\"fr-FR\"},{\"@type\":\"Organization\",\"@id\":\"https:\/\/atlastri.fr\/#organization\",\"name\":\"Atlas.tri\",\"url\":\"https:\/\/atlastri.fr\/\",\"logo\":{\"@type\":\"ImageObject\",\"inLanguage\":\"fr-FR\",\"@id\":\"https:\/\/atlastri.fr\/#\/schema\/logo\/image\/\",\"url\":\"https:\/\/atlastri.fr\/wp-content\/uploads\/2025\/12\/AtlasTri-Logo-RVB.png\",\"contentUrl\":\"https:\/\/atlastri.fr\/wp-content\/uploads\/2025\/12\/AtlasTri-Logo-RVB.png\",\"width\":459,\"height\":133,\"caption\":\"Atlas.tri\"},\"image\":{\"@id\":\"https:\/\/atlastri.fr\/#\/schema\/logo\/image\/\"}}]}<\/script>\n<!-- \/ Yoast SEO plugin. -->","yoast_head_json":{"title":"Qui sommes\u2011nous \u2013 Centre de tri et gestion des d\u00e9chets \u00e0 Lyon","description":"Atlas.tri est un centre de tri ICPE \u00e0 Saint\u2011Priest, sp\u00e9cialis\u00e9 dans la collecte, le tri et la valorisation des d\u00e9chets professionnels \u00e0 Lyon.","robots":{"index":"index","follow":"follow","max-snippet":"max-snippet:-1","max-image-preview":"max-image-preview:large","max-video-preview":"max-video-preview:-1"},"canonical":"https:\/\/atlastri.fr\/?page_id=80","og_locale":"fr_FR","og_type":"article","og_title":"Qui sommes\u2011nous \u2013 Centre de tri et gestion des d\u00e9chets \u00e0 Lyon","og_description":"Atlas.tri est un centre de tri ICPE \u00e0 Saint\u2011Priest, sp\u00e9cialis\u00e9 dans la collecte, le tri et la valorisation des d\u00e9chets professionnels \u00e0 Lyon.","og_url":"https:\/\/atlastri.fr\/?page_id=80","og_site_name":"Atlas.tri","article_modified_time":"2026-03-13T09:39:33+00:00","og_image":[{"url":"https:\/\/atlastri.fr\/wp-content\/uploads\/2025\/12\/AtlasTri-Equipe-1024x462.jpg","type":"","width":"","height":""}],"twitter_card":"summary_large_image","twitter_misc":{"Dur\u00e9e de lecture estim\u00e9e":"2 minutes"},"schema":{"@context":"https:\/\/schema.org","@graph":[{"@type":"WebPage","@id":"https:\/\/atlastri.fr\/?page_id=80","url":"https:\/\/atlastri.fr\/?page_id=80","name":"Qui sommes\u2011nous \u2013 Centre de tri et gestion des d\u00e9chets \u00e0 Lyon","isPartOf":{"@id":"https:\/\/atlastri.fr\/#website"},"primaryImageOfPage":{"@id":"https:\/\/atlastri.fr\/?page_id=80#primaryimage"},"image":{"@id":"https:\/\/atlastri.fr\/?page_id=80#primaryimage"},"thumbnailUrl":"https:\/\/atlastri.fr\/wp-content\/uploads\/2025\/12\/AtlasTri-Equipe-1024x462.jpg","datePublished":"2025-12-16T15:45:07+00:00","dateModified":"2026-03-13T09:39:33+00:00","description":"Atlas.tri est un centre de tri ICPE \u00e0 Saint\u2011Priest, sp\u00e9cialis\u00e9 dans la collecte, le tri et la valorisation des d\u00e9chets professionnels \u00e0 Lyon.","breadcrumb":{"@id":"https:\/\/atlastri.fr\/?page_id=80#breadcrumb"},"inLanguage":"fr-FR","potentialAction":[{"@type":"ReadAction","target":["https:\/\/atlastri.fr\/?page_id=80"]}]},{"@type":"ImageObject","inLanguage":"fr-FR","@id":"https:\/\/atlastri.fr\/?page_id=80#primaryimage","url":"https:\/\/atlastri.fr\/wp-content\/uploads\/2025\/12\/AtlasTri-Equipe.jpg","contentUrl":"https:\/\/atlastri.fr\/wp-content\/uploads\/2025\/12\/AtlasTri-Equipe.jpg","width":1500,"height":677},{"@type":"BreadcrumbList","@id":"https:\/\/atlastri.fr\/?page_id=80#breadcrumb","itemListElement":[{"@type":"ListItem","position":1,"name":"Accueil","item":"https:\/\/atlastri.fr\/"},{"@type":"ListItem","position":2,"name":"Qui somme nous"}]},{"@type":"WebSite","@id":"https:\/\/atlastri.fr\/#website","url":"https:\/\/atlastri.fr\/","name":"Atlas.tri","description":"","publisher":{"@id":"https:\/\/atlastri.fr\/#organization"},"potentialAction":[{"@type":"SearchAction","target":{"@type":"EntryPoint","urlTemplate":"https:\/\/atlastri.fr\/?s={search_term_string}"},"query-input":{"@type":"PropertyValueSpecification","valueRequired":true,"valueName":"search_term_string"}}],"inLanguage":"fr-FR"},{"@type":"Organization","@id":"https:\/\/atlastri.fr\/#organization","name":"Atlas.tri","url":"https:\/\/atlastri.fr\/","logo":{"@type":"ImageObject","inLanguage":"fr-FR","@id":"https:\/\/atlastri.fr\/#\/schema\/logo\/image\/","url":"https:\/\/atlastri.fr\/wp-content\/uploads\/2025\/12\/AtlasTri-Logo-RVB.png","contentUrl":"https:\/\/atlastri.fr\/wp-content\/uploads\/2025\/12\/AtlasTri-Logo-RVB.png","width":459,"height":133,"caption":"Atlas.tri"},"image":{"@id":"https:\/\/atlastri.fr\/#\/schema\/logo\/image\/"}}]}},"_links":{"self":[{"href":"https:\/\/atlastri.fr\/index.php?rest_route=\/wp\/v2\/pages\/80","targetHints":{"allow":["GET"]}}],"collection":[{"href":"https:\/\/atlastri.fr\/index.php?rest_route=\/wp\/v2\/pages"}],"about":[{"href":"https:\/\/atlastri.fr\/index.php?rest_route=\/wp\/v2\/types\/page"}],"author":[{"embeddable":true,"href":"https:\/\/atlastri.fr\/index.php?rest_route=\/wp\/v2\/users\/1"}],"replies":[{"embeddable":true,"href":"https:\/\/atlastri.fr\/index.php?rest_route=%2Fwp%2Fv2%2Fcomments&post=80"}],"version-history":[{"count":51,"href":"https:\/\/atlastri.fr\/index.php?rest_route=\/wp\/v2\/pages\/80\/revisions"}],"predecessor-version":[{"id":322,"href":"https:\/\/atlastri.fr\/index.php?rest_route=\/wp\/v2\/pages\/80\/revisions\/322"}],"wp:attachment":[{"href":"https:\/\/atlastri.fr\/index.php?rest_route=%2Fwp%2Fv2%2Fmedia&parent=80"}],"curies":[{"name":"wp","href":"https:\/\/api.w.org\/{rel}","templated":true}]}}