{"id":134,"date":"2025-12-17T12:06:54","date_gmt":"2025-12-17T12:06:54","guid":{"rendered":"https:\/\/atlastri.fr\/?page_id=134"},"modified":"2026-03-13T09:35:03","modified_gmt":"2026-03-13T09:35:03","slug":"contact-collecte-dechets-lyon","status":"publish","type":"page","link":"https:\/\/atlastri.fr\/?page_id=134","title":{"rendered":"Nous contacter"},"content":{"rendered":"\t\t<div data-elementor-type=\"wp-page\" data-elementor-id=\"134\" class=\"elementor elementor-134\" data-elementor-post-type=\"page\">\n\t\t\t\t<div class=\"elementor-element elementor-element-2934a5f e-flex e-con-boxed e-con e-parent\" data-id=\"2934a5f\" data-element_type=\"container\" data-e-type=\"container\" data-settings=\"{&quot;background_background&quot;:&quot;classic&quot;}\">\n\t\t\t\t\t<div class=\"e-con-inner\">\n\t\t<div class=\"elementor-element elementor-element-2071683 e-con-full e-flex e-con e-child\" data-id=\"2071683\" data-element_type=\"container\" data-e-type=\"container\">\n\t\t\t\t<div class=\"elementor-element elementor-element-1657cdc elementor-widget elementor-widget-image\" data-id=\"1657cdc\" data-element_type=\"widget\" data-e-type=\"widget\" data-widget_type=\"image.default\">\n\t\t\t\t\t\t\t\t\t\t\t\t\t\t\t<img fetchpriority=\"high\" decoding=\"async\" width=\"768\" height=\"1024\" src=\"https:\/\/atlastri.fr\/wp-content\/uploads\/2025\/12\/contact-atlastri-transcar-768x1024.jpg\" class=\"attachment-large size-large wp-image-136\" alt=\"\" srcset=\"https:\/\/atlastri.fr\/wp-content\/uploads\/2025\/12\/contact-atlastri-transcar-768x1024.jpg 768w, https:\/\/atlastri.fr\/wp-content\/uploads\/2025\/12\/contact-atlastri-transcar-225x300.jpg 225w, https:\/\/atlastri.fr\/wp-content\/uploads\/2025\/12\/contact-atlastri-transcar.jpg 960w\" sizes=\"(max-width: 768px) 100vw, 768px\" \/>\t\t\t\t\t\t\t\t\t\t\t\t\t\t\t<\/div>\n\t\t\t\t<\/div>\n\t\t<div class=\"elementor-element elementor-element-415efc9 e-con-full e-flex e-con e-child\" data-id=\"415efc9\" data-element_type=\"container\" data-e-type=\"container\">\n\t\t\t\t<div class=\"elementor-element elementor-element-57d1b72 elementor-widget elementor-widget-html\" data-id=\"57d1b72\" data-element_type=\"widget\" data-e-type=\"widget\" data-widget_type=\"html.default\">\n\t\t\t\t\t<div class=\"seo-hidden\">\n  contact collecte d\u00e9chets Lyon, devis recyclage entreprises, centre de tri Saint-Priest contact, demande benne d\u00e9chets professionnels, service recyclage entreprises Rh\u00f4ne-Alpes\n<\/div>\t\t\t\t<\/div>\n\t\t\t\t<div class=\"elementor-element elementor-element-c22e09a elementor-widget elementor-widget-text-editor\" data-id=\"c22e09a\" data-element_type=\"widget\" data-e-type=\"widget\" data-widget_type=\"text-editor.default\">\n\t\t\t\t\t\t\t\t\t<p>Nous<\/p><p>contacter<\/p>\t\t\t\t\t\t\t\t<\/div>\n\t\t<div class=\"elementor-element elementor-element-bd73687 e-con-full e-flex e-con e-child\" data-id=\"bd73687\" data-element_type=\"container\" data-e-type=\"container\" data-settings=\"{&quot;background_background&quot;:&quot;classic&quot;}\">\n\t\t\t\t<div class=\"elementor-element elementor-element-f33a9b3 elementor-widget elementor-widget-text-editor\" data-id=\"f33a9b3\" data-element_type=\"widget\" data-e-type=\"widget\" data-widget_type=\"text-editor.default\">\n\t\t\t\t\t\t\t\t\t<p>Lorem ipsum dolor sit amet, consectetur adipiscing elit. Ut elit tellus, luctus nec ullamcorper mattis, pulvinar dapibus leo.<\/p>\t\t\t\t\t\t\t\t<\/div>\n\t\t\t\t<div class=\"elementor-element elementor-element-d3e1fdc elementor-button-align-end elementor-widget elementor-widget-form\" data-id=\"d3e1fdc\" data-element_type=\"widget\" data-e-type=\"widget\" data-settings=\"{&quot;step_next_label&quot;:&quot;Suivant&quot;,&quot;step_previous_label&quot;:&quot;Pr\\u00e9c\\u00e9dent&quot;,&quot;button_width&quot;:&quot;100&quot;,&quot;step_type&quot;:&quot;number_text&quot;,&quot;step_icon_shape&quot;:&quot;circle&quot;}\" data-widget_type=\"form.default\">\n\t\t\t\t\t\t\t<form class=\"elementor-form\" method=\"post\" name=\"Nouveau formulaire\" aria-label=\"Nouveau formulaire\">\n\t\t\t<input type=\"hidden\" name=\"post_id\" value=\"134\"\/>\n\t\t\t<input type=\"hidden\" name=\"form_id\" value=\"d3e1fdc\"\/>\n\t\t\t<input type=\"hidden\" name=\"referer_title\" value=\"Atlas.tri\" \/>\n\n\t\t\t\n\t\t\t<div class=\"elementor-form-fields-wrapper elementor-labels-above\">\n\t\t\t\t\t\t\t\t<div class=\"elementor-field-type-text elementor-field-group elementor-column elementor-field-group-name elementor-col-100 elementor-field-required\">\n\t\t\t\t\t\t\t\t\t\t\t\t\t<input size=\"1\" type=\"text\" name=\"form_fields[name]\" id=\"form-field-name\" class=\"elementor-field elementor-size-lg  elementor-field-textual\" placeholder=\"Votre nom\" required=\"required\">\n\t\t\t\t\t\t\t\t\t\t\t<\/div>\n\t\t\t\t\t\t\t\t<div class=\"elementor-field-type-email elementor-field-group elementor-column elementor-field-group-email elementor-col-100 elementor-field-required\">\n\t\t\t\t\t\t\t\t\t\t\t\t\t<input size=\"1\" type=\"email\" name=\"form_fields[email]\" id=\"form-field-email\" class=\"elementor-field elementor-size-lg  elementor-field-textual\" placeholder=\"E-mail\" required=\"required\">\n\t\t\t\t\t\t\t\t\t\t\t<\/div>\n\t\t\t\t\t\t\t\t<div class=\"elementor-field-type-textarea elementor-field-group elementor-column elementor-field-group-message elementor-col-100\">\n\t\t\t\t\t<textarea class=\"elementor-field-textual elementor-field  elementor-size-lg\" name=\"form_fields[message]\" id=\"form-field-message\" rows=\"4\" placeholder=\"Votre message\"><\/textarea>\t\t\t\t<\/div>\n\t\t\t\t\t\t\t\t<div class=\"elementor-field-group elementor-column elementor-field-type-submit elementor-col-100 e-form__buttons\">\n\t\t\t\t\t<button class=\"elementor-button elementor-size-sm\" type=\"submit\">\n\t\t\t\t\t\t<span class=\"elementor-button-content-wrapper\">\n\t\t\t\t\t\t\t\t\t\t\t\t\t\t\t\t\t\t\t\t\t\t<span class=\"elementor-button-text\">Envoyer<\/span>\n\t\t\t\t\t\t\t\t\t\t\t\t\t<\/span>\n\t\t\t\t\t<\/button>\n\t\t\t\t<\/div>\n\t\t\t<\/div>\n\t\t<\/form>\n\t\t\t\t\t\t<\/div>\n\t\t\t\t<\/div>\n\t\t\t\t<\/div>\n\t\t\t\t\t<\/div>\n\t\t\t\t<\/div>\n\t\t<div class=\"elementor-element elementor-element-a6d3f13 e-flex e-con-boxed e-con e-parent\" data-id=\"a6d3f13\" data-element_type=\"container\" data-e-type=\"container\" data-settings=\"{&quot;background_background&quot;:&quot;classic&quot;}\">\n\t\t\t\t\t<div class=\"e-con-inner\">\n\t\t\t\t\t<\/div>\n\t\t\t\t<\/div>\n\t\t\t\t<\/div>\n\t\t","protected":false},"excerpt":{"rendered":"<p>contact collecte d\u00e9chets Lyon, devis recyclage entreprises, centre de tri Saint-Priest contact, demande benne d\u00e9chets professionnels, service recyclage entreprises Rh\u00f4ne-Alpes Nous contacter Lorem ipsum dolor sit amet, consectetur adipiscing elit. Ut elit tellus, luctus nec ullamcorper mattis, pulvinar dapibus leo.<\/p>\n","protected":false},"author":1,"featured_media":0,"parent":0,"menu_order":0,"comment_status":"closed","ping_status":"closed","template":"","meta":{"footnotes":""},"class_list":["post-134","page","type-page","status-publish","hentry"],"yoast_head":"<!-- This site is optimized with the Yoast SEO plugin v27.1.1 - https:\/\/yoast.com\/product\/yoast-seo-wordpress\/ -->\n<title>Contact Atlas.tri \u2013 Collecte, tri et recyclage des d\u00e9chets \u00e0 Lyon<\/title>\n<meta name=\"description\" content=\"Contactez Atlas.tri , la location de bennes et la r\u00e9cup\u00e9ration de m\u00e9taux \u00e0 Lyon et Saint\u2011Priest. Devis rapide pour professionnels.\" \/>\n<meta name=\"robots\" content=\"index, follow, max-snippet:-1, max-image-preview:large, max-video-preview:-1\" \/>\n<link rel=\"canonical\" href=\"https:\/\/atlastri.fr\/?page_id=134\" \/>\n<meta property=\"og:locale\" content=\"fr_FR\" \/>\n<meta property=\"og:type\" content=\"article\" \/>\n<meta property=\"og:title\" content=\"Contact Atlas.tri \u2013 Collecte, tri et recyclage des d\u00e9chets \u00e0 Lyon\" \/>\n<meta property=\"og:description\" content=\"Contactez Atlas.tri , la location de bennes et la r\u00e9cup\u00e9ration de m\u00e9taux \u00e0 Lyon et Saint\u2011Priest. Devis rapide pour professionnels.\" \/>\n<meta property=\"og:url\" content=\"https:\/\/atlastri.fr\/?page_id=134\" \/>\n<meta property=\"og:site_name\" content=\"Atlas.tri\" \/>\n<meta property=\"article:modified_time\" content=\"2026-03-13T09:35:03+00:00\" \/>\n<meta property=\"og:image\" content=\"https:\/\/atlastri.fr\/wp-content\/uploads\/2025\/12\/contact-atlastri-transcar-768x1024.jpg\" \/>\n<meta name=\"twitter:card\" content=\"summary_large_image\" \/>\n<meta name=\"twitter:label1\" content=\"Dur\u00e9e de lecture estim\u00e9e\" \/>\n\t<meta name=\"twitter:data1\" content=\"1 minute\" \/>\n<script type=\"application\/ld+json\" class=\"yoast-schema-graph\">{\"@context\":\"https:\/\/schema.org\",\"@graph\":[{\"@type\":\"WebPage\",\"@id\":\"https:\/\/atlastri.fr\/?page_id=134\",\"url\":\"https:\/\/atlastri.fr\/?page_id=134\",\"name\":\"Contact Atlas.tri \u2013 Collecte, tri et recyclage des d\u00e9chets \u00e0 Lyon\",\"isPartOf\":{\"@id\":\"https:\/\/atlastri.fr\/#website\"},\"primaryImageOfPage\":{\"@id\":\"https:\/\/atlastri.fr\/?page_id=134#primaryimage\"},\"image\":{\"@id\":\"https:\/\/atlastri.fr\/?page_id=134#primaryimage\"},\"thumbnailUrl\":\"https:\/\/atlastri.fr\/wp-content\/uploads\/2025\/12\/contact-atlastri-transcar-768x1024.jpg\",\"datePublished\":\"2025-12-17T12:06:54+00:00\",\"dateModified\":\"2026-03-13T09:35:03+00:00\",\"description\":\"Contactez Atlas.tri , la location de bennes et la r\u00e9cup\u00e9ration de m\u00e9taux \u00e0 Lyon et Saint\u2011Priest. Devis rapide pour professionnels.\",\"breadcrumb\":{\"@id\":\"https:\/\/atlastri.fr\/?page_id=134#breadcrumb\"},\"inLanguage\":\"fr-FR\",\"potentialAction\":[{\"@type\":\"ReadAction\",\"target\":[\"https:\/\/atlastri.fr\/?page_id=134\"]}]},{\"@type\":\"ImageObject\",\"inLanguage\":\"fr-FR\",\"@id\":\"https:\/\/atlastri.fr\/?page_id=134#primaryimage\",\"url\":\"https:\/\/atlastri.fr\/wp-content\/uploads\/2025\/12\/contact-atlastri-transcar.jpg\",\"contentUrl\":\"https:\/\/atlastri.fr\/wp-content\/uploads\/2025\/12\/contact-atlastri-transcar.jpg\",\"width\":960,\"height\":1280},{\"@type\":\"BreadcrumbList\",\"@id\":\"https:\/\/atlastri.fr\/?page_id=134#breadcrumb\",\"itemListElement\":[{\"@type\":\"ListItem\",\"position\":1,\"name\":\"Accueil\",\"item\":\"https:\/\/atlastri.fr\/\"},{\"@type\":\"ListItem\",\"position\":2,\"name\":\"Nous contacter\"}]},{\"@type\":\"WebSite\",\"@id\":\"https:\/\/atlastri.fr\/#website\",\"url\":\"https:\/\/atlastri.fr\/\",\"name\":\"Atlas.tri\",\"description\":\"\",\"publisher\":{\"@id\":\"https:\/\/atlastri.fr\/#organization\"},\"potentialAction\":[{\"@type\":\"SearchAction\",\"target\":{\"@type\":\"EntryPoint\",\"urlTemplate\":\"https:\/\/atlastri.fr\/?s={search_term_string}\"},\"query-input\":{\"@type\":\"PropertyValueSpecification\",\"valueRequired\":true,\"valueName\":\"search_term_string\"}}],\"inLanguage\":\"fr-FR\"},{\"@type\":\"Organization\",\"@id\":\"https:\/\/atlastri.fr\/#organization\",\"name\":\"Atlas.tri\",\"url\":\"https:\/\/atlastri.fr\/\",\"logo\":{\"@type\":\"ImageObject\",\"inLanguage\":\"fr-FR\",\"@id\":\"https:\/\/atlastri.fr\/#\/schema\/logo\/image\/\",\"url\":\"https:\/\/atlastri.fr\/wp-content\/uploads\/2025\/12\/AtlasTri-Logo-RVB.png\",\"contentUrl\":\"https:\/\/atlastri.fr\/wp-content\/uploads\/2025\/12\/AtlasTri-Logo-RVB.png\",\"width\":459,\"height\":133,\"caption\":\"Atlas.tri\"},\"image\":{\"@id\":\"https:\/\/atlastri.fr\/#\/schema\/logo\/image\/\"}}]}<\/script>\n<!-- \/ Yoast SEO plugin. -->","yoast_head_json":{"title":"Contact Atlas.tri \u2013 Collecte, tri et recyclage des d\u00e9chets \u00e0 Lyon","description":"Contactez Atlas.tri , la location de bennes et la r\u00e9cup\u00e9ration de m\u00e9taux \u00e0 Lyon et Saint\u2011Priest. Devis rapide pour professionnels.","robots":{"index":"index","follow":"follow","max-snippet":"max-snippet:-1","max-image-preview":"max-image-preview:large","max-video-preview":"max-video-preview:-1"},"canonical":"https:\/\/atlastri.fr\/?page_id=134","og_locale":"fr_FR","og_type":"article","og_title":"Contact Atlas.tri \u2013 Collecte, tri et recyclage des d\u00e9chets \u00e0 Lyon","og_description":"Contactez Atlas.tri , la location de bennes et la r\u00e9cup\u00e9ration de m\u00e9taux \u00e0 Lyon et Saint\u2011Priest. Devis rapide pour professionnels.","og_url":"https:\/\/atlastri.fr\/?page_id=134","og_site_name":"Atlas.tri","article_modified_time":"2026-03-13T09:35:03+00:00","og_image":[{"url":"https:\/\/atlastri.fr\/wp-content\/uploads\/2025\/12\/contact-atlastri-transcar-768x1024.jpg","type":"","width":"","height":""}],"twitter_card":"summary_large_image","twitter_misc":{"Dur\u00e9e de lecture estim\u00e9e":"1 minute"},"schema":{"@context":"https:\/\/schema.org","@graph":[{"@type":"WebPage","@id":"https:\/\/atlastri.fr\/?page_id=134","url":"https:\/\/atlastri.fr\/?page_id=134","name":"Contact Atlas.tri \u2013 Collecte, tri et recyclage des d\u00e9chets \u00e0 Lyon","isPartOf":{"@id":"https:\/\/atlastri.fr\/#website"},"primaryImageOfPage":{"@id":"https:\/\/atlastri.fr\/?page_id=134#primaryimage"},"image":{"@id":"https:\/\/atlastri.fr\/?page_id=134#primaryimage"},"thumbnailUrl":"https:\/\/atlastri.fr\/wp-content\/uploads\/2025\/12\/contact-atlastri-transcar-768x1024.jpg","datePublished":"2025-12-17T12:06:54+00:00","dateModified":"2026-03-13T09:35:03+00:00","description":"Contactez Atlas.tri , la location de bennes et la r\u00e9cup\u00e9ration de m\u00e9taux \u00e0 Lyon et Saint\u2011Priest. Devis rapide pour professionnels.","breadcrumb":{"@id":"https:\/\/atlastri.fr\/?page_id=134#breadcrumb"},"inLanguage":"fr-FR","potentialAction":[{"@type":"ReadAction","target":["https:\/\/atlastri.fr\/?page_id=134"]}]},{"@type":"ImageObject","inLanguage":"fr-FR","@id":"https:\/\/atlastri.fr\/?page_id=134#primaryimage","url":"https:\/\/atlastri.fr\/wp-content\/uploads\/2025\/12\/contact-atlastri-transcar.jpg","contentUrl":"https:\/\/atlastri.fr\/wp-content\/uploads\/2025\/12\/contact-atlastri-transcar.jpg","width":960,"height":1280},{"@type":"BreadcrumbList","@id":"https:\/\/atlastri.fr\/?page_id=134#breadcrumb","itemListElement":[{"@type":"ListItem","position":1,"name":"Accueil","item":"https:\/\/atlastri.fr\/"},{"@type":"ListItem","position":2,"name":"Nous contacter"}]},{"@type":"WebSite","@id":"https:\/\/atlastri.fr\/#website","url":"https:\/\/atlastri.fr\/","name":"Atlas.tri","description":"","publisher":{"@id":"https:\/\/atlastri.fr\/#organization"},"potentialAction":[{"@type":"SearchAction","target":{"@type":"EntryPoint","urlTemplate":"https:\/\/atlastri.fr\/?s={search_term_string}"},"query-input":{"@type":"PropertyValueSpecification","valueRequired":true,"valueName":"search_term_string"}}],"inLanguage":"fr-FR"},{"@type":"Organization","@id":"https:\/\/atlastri.fr\/#organization","name":"Atlas.tri","url":"https:\/\/atlastri.fr\/","logo":{"@type":"ImageObject","inLanguage":"fr-FR","@id":"https:\/\/atlastri.fr\/#\/schema\/logo\/image\/","url":"https:\/\/atlastri.fr\/wp-content\/uploads\/2025\/12\/AtlasTri-Logo-RVB.png","contentUrl":"https:\/\/atlastri.fr\/wp-content\/uploads\/2025\/12\/AtlasTri-Logo-RVB.png","width":459,"height":133,"caption":"Atlas.tri"},"image":{"@id":"https:\/\/atlastri.fr\/#\/schema\/logo\/image\/"}}]}},"_links":{"self":[{"href":"https:\/\/atlastri.fr\/index.php?rest_route=\/wp\/v2\/pages\/134","targetHints":{"allow":["GET"]}}],"collection":[{"href":"https:\/\/atlastri.fr\/index.php?rest_route=\/wp\/v2\/pages"}],"about":[{"href":"https:\/\/atlastri.fr\/index.php?rest_route=\/wp\/v2\/types\/page"}],"author":[{"embeddable":true,"href":"https:\/\/atlastri.fr\/index.php?rest_route=\/wp\/v2\/users\/1"}],"replies":[{"embeddable":true,"href":"https:\/\/atlastri.fr\/index.php?rest_route=%2Fwp%2Fv2%2Fcomments&post=134"}],"version-history":[{"count":19,"href":"https:\/\/atlastri.fr\/index.php?rest_route=\/wp\/v2\/pages\/134\/revisions"}],"predecessor-version":[{"id":314,"href":"https:\/\/atlastri.fr\/index.php?rest_route=\/wp\/v2\/pages\/134\/revisions\/314"}],"wp:attachment":[{"href":"https:\/\/atlastri.fr\/index.php?rest_route=%2Fwp%2Fv2%2Fmedia&parent=134"}],"curies":[{"name":"wp","href":"https:\/\/api.w.org\/{rel}","templated":true}]}}